{"id":3,"date":"2022-07-18T10:50:38","date_gmt":"2022-07-18T08:50:38","guid":{"rendered":"https:\/\/magicfern.si\/?page_id=3"},"modified":"2022-08-23T14:41:53","modified_gmt":"2022-08-23T12:41:53","slug":"privacy-policy","status":"publish","type":"page","link":"https:\/\/magicfern.si\/en\/privacy-policy\/","title":{"rendered":"Privacy policy"},"content":{"rendered":"<p><span class=\"VIiyi\" lang=\"sl\"><span class=\"JLqJ4b\" data-language-for-alternatives=\"sl\" data-language-to-translate-into=\"en\" data-phrase-index=\"0\" data-number-of-phrases=\"1\"><span class=\"Q4iAWc\">Our website address is: https:\/\/magicfern.si. <\/span><\/span><\/span><\/p>\n<p><span class=\"VIiyi\" lang=\"sl\"><span class=\"JLqJ4b\" data-language-for-alternatives=\"sl\" data-language-to-translate-into=\"en\" data-phrase-index=\"0\" data-number-of-phrases=\"1\"><span class=\"Q4iAWc\">When visitors leave comments on the site we collect the data shown in the comments form, and also the visitor\u2019s IP address and browser user agent string to help spam detection. <\/span><\/span><\/span><\/p>\n<p><span class=\"VIiyi\" lang=\"sl\"><span class=\"JLqJ4b\" data-language-for-alternatives=\"sl\" data-language-to-translate-into=\"en\" data-phrase-index=\"0\" data-number-of-phrases=\"1\"><span class=\"Q4iAWc\">An anonymized string created from your email address (also called a hash) may be provided to the Gravatar service to see if you are using it. The Gravatar service privacy policy is available here: https:\/\/automattic.com\/privacy\/. <\/span><\/span><\/span><\/p>\n<p><span class=\"VIiyi\" lang=\"sl\"><span class=\"JLqJ4b\" data-language-for-alternatives=\"sl\" data-language-to-translate-into=\"en\" data-phrase-index=\"0\" data-number-of-phrases=\"1\"><span class=\"Q4iAWc\">After approval of your comment, your profile picture is visible to the public in the context of your comment. If you upload images to the website, you should avoid uploading images with embedded location data (EXIF GPS) included. Visitors to the website can download and extract any location data from images on the website. If you leave a comment on our site you may opt-in to saving your name, email address and website in cookies. These are for your convenience so that you do not have to fill in your details again when you leave another comment. These cookies will last for one year. <\/span><\/span><\/span><\/p>\n<p><span class=\"VIiyi\" lang=\"sl\"><span class=\"JLqJ4b\" data-language-for-alternatives=\"sl\" data-language-to-translate-into=\"en\" data-phrase-index=\"0\" data-number-of-phrases=\"1\"><span class=\"Q4iAWc\">If you visit our login page, we will set a temporary cookie to determine if your browser accepts cookies. This cookie contains no personal data and is discarded when you close your browser. When you log in, we will also set up several cookies to save your login information and your screen display choices. Login cookies last for two days, and screen options cookies last for a year. If you select \"Remember Me\", your login will persist for two weeks. If you log out of your account, the login cookies will be removed. If you edit or publish an article, an additional cookie will be saved in your browser. This cookie includes no personal data and simply indicates the post ID of the article you just edited. It expires after 1 day.<\/span><\/span><\/span><\/p>\n<p><span class=\"VIiyi\" lang=\"sl\"><span class=\"JLqJ4b\" data-language-for-alternatives=\"sl\" data-language-to-translate-into=\"en\" data-phrase-index=\"0\" data-number-of-phrases=\"1\"><span class=\"Q4iAWc\"> Articles on this site may include embedded content (e.g. videos, images, articles, etc.). Embedded content from other websites behaves in the exact same way as if the visitor has visited the other website. These websites may collect data about you, use cookies, embed additional third-party tracking, and monitor your interaction with that embedded content, including tracking your interaction with the embedded content if you have an account and are logged in to that website. <\/span><\/span><\/span><\/p>\n<p><span class=\"VIiyi\" lang=\"sl\"><span class=\"JLqJ4b\" data-language-for-alternatives=\"sl\" data-language-to-translate-into=\"en\" data-phrase-index=\"0\" data-number-of-phrases=\"1\"><span class=\"Q4iAWc\">If you request a password reset, your IP address will be included in the reset email. If you leave a comment, the comment and its metadata are retained indefinitely. This is so we can recognize and approve any follow-up comments automatically instead of holding them in a moderation queue.<\/span><\/span><\/span><\/p>\n<p><span class=\"VIiyi\" lang=\"sl\"><span class=\"JLqJ4b\" data-language-for-alternatives=\"sl\" data-language-to-translate-into=\"en\" data-phrase-index=\"0\" data-number-of-phrases=\"1\"><span class=\"Q4iAWc\"> For users that register on our website (if any), we also store the personal information they provide in their user profile. All users can see, edit, or delete their personal information at any time (except they cannot change their username). Website administrators can also see and edit that information. If you have an account on this site, or have left comments, you can request to receive an exported file of the personal data we hold about you, including any data you have provided to us. You can also request that we erase any personal data we hold about you. This does not include any data we are obliged to keep for administrative, legal, or security purposes. <\/span><\/span><\/span><\/p>\n<p><span class=\"VIiyi\" lang=\"sl\"><span class=\"JLqJ4b\" data-language-for-alternatives=\"sl\" data-language-to-translate-into=\"en\" data-phrase-index=\"0\" data-number-of-phrases=\"1\"><span class=\"Q4iAWc\">Visitor comments may be checked through an automated spam detection service.<\/span><\/span><\/span><\/p>","protected":false},"excerpt":{"rendered":"<p>Na\u0161 spletni naslov je: https:\/\/magicfern.si. Ko obiskovalci pustijo komentarje na spletnem mestu, zberemo podatke, prikazane v obrazcu za komentarje, ter tudi naslov IP obiskovalca in niz uporabni\u0161kega\u00a0 brskalnika za pomo\u010d pri odkrivanju ne\u017eelene po\u0161te. Anonimiziran niz, ustvarjen iz va\u0161ega e-po\u0161tnega naslova (imenovan tudi zgo\u0161\u010dena vrednost), se lahko posreduje storitvi Gravatar, da preveri, ali ga uporabljate. Politika zasebnosti storitve Gravatar je na voljo tukaj: https:\/\/automattic.com\/privacy\/. Po odobritvi va\u0161ega komentarja je va\u0161a profilna slika vidna javnosti v kontekstu va\u0161ega komentarja. \u010ce nalagate slike na spletno mesto, se izogibajte nalaganju slik z vklju\u010denimi vdelanimi podatki o lokaciji (EXIF GPS). Obiskovalci spletnega mesta lahko prenesejo in izvle\u010dejo vse podatke o lokaciji iz slik na spletnem mestu. \u010ce pustite komentar na na\u0161em spletnem mestu, se lahko odlo\u010dite za shranjevanje va\u0161ega imena, e-po\u0161tnega naslova in spletnega mesta v pi\u0161kotkih. To je za va\u0161e udobje, tako da vam ni treba znova vna\u0161ati svojih podatkov, ko pustite nov komentar. Ti pi\u0161kotki bodo trajali eno leto. \u010ce obi\u0161\u010dete na\u0161o prijavno stran, bomo nastavili za\u010dasni pi\u0161kotek, da ugotovimo, ali va\u0161 brskalnik sprejema pi\u0161kotke. Ta pi\u0161kotek ne vsebuje osebnih podatkov in se zavr\u017ee, ko zaprete brskalnik. Ko se prijavite, bomo nastavili tudi ve\u010d pi\u0161kotkov, da shranimo va\u0161e podatke za prijavo in va\u0161e izbire prikaza na zaslonu. Pi\u0161kotki za prijavo trajajo dva dni, pi\u0161kotki z mo\u017enostmi zaslona pa eno leto. \u010ce izberete &#8220;Zapomni si me&#8221;, se bo va\u0161a prijava ohranila dva tedna. \u010ce se odjavite iz svojega ra\u010duna, bodo prijavni pi\u0161kotki odstranjeni. \u010ce uredite ali objavite \u010dlanek, se v va\u0161 brskalnik shrani dodaten pi\u0161kotek. Ta pi\u0161kotek ne vklju\u010duje nobenih osebnih podatkov in samo ozna\u010duje ID objave \u010dlanka, ki ste ga pravkar uredili. Pote\u010de po 1 dnevu. \u010clanki na tem spletnem mestu lahko vklju\u010dujejo vdelano vsebino (npr. videe, slike, \u010dlanke itd.). Vdelana vsebina z drugih spletnih mest se obna\u0161a na povsem enak na\u010din, kot \u010de bi obiskovalec obiskal drugo spletno mesto. Ta spletna mesta lahko zbirajo podatke o vas, uporabljajo pi\u0161kotke, vdelajo dodatno sledenje tretjih oseb in spremljajo va\u0161o interakcijo s to vdelano vsebino, vklju\u010dno s sledenjem va\u0161i interakciji z vdelano vsebino, \u010de imate ra\u010dun in ste prijavljeni na to spletno mesto. \u010ce zahtevate ponastavitev gesla, bo va\u0161 naslov IP vklju\u010den v e-po\u0161tno sporo\u010dilo za ponastavitev. \u010ce pustite komentar, se komentar in njegovi metapodatki hranijo za nedolo\u010den \u010das. To je zato, da lahko samodejno prepoznamo in odobrimo nadaljnje komentarje, namesto da jih zadr\u017eimo v \u010dakalni vrsti za moderiranje. Za uporabnike, ki se registrirajo na na\u0161i spletni strani (\u010de obstajajo), hranimo tudi osebne podatke, ki jih posredujejo v svojem uporabni\u0161kem profilu. Vsi uporabniki lahko kadar koli vidijo, uredijo ali izbri\u0161ejo svoje osebne podatke (le da ne morejo spremeniti uporabni\u0161kega imena). Skrbniki spletnega mesta lahko tudi vidijo in urejajo te podatke. \u010ce imate ra\u010dun na tem spletnem mestu ali ste pustili komentarje, lahko zahtevate prejem izvo\u017eene datoteke osebnih podatkov, ki jih imamo o vas, vklju\u010dno z vsemi podatki, ki ste nam jih posredovali. Prav tako lahko zahtevate, da izbri\u0161emo vse osebne podatke, ki jih imamo o vas. To ne vklju\u010duje nobenih podatkov, ki smo jih dol\u017eni hraniti za administrativne, pravne ali varnostne namene. Komentarje obiskovalcev je mogo\u010de preveriti prek storitve avtomatiziranega zaznavanja ne\u017eelene po\u0161te.<\/p>","protected":false},"author":1,"featured_media":0,"parent":0,"menu_order":0,"comment_status":"closed","ping_status":"closed","template":"","meta":{"footnotes":""},"class_list":["post-3","page","type-page","status-publish","hentry"],"yoast_head":"<!-- This site is optimized with the Yoast SEO plugin v27.4 - https:\/\/yoast.com\/product\/yoast-seo-wordpress\/ -->\n<title>Varstvo podatkov - \u010carna Praprot<\/title>\n<meta name=\"robots\" content=\"index, follow, max-snippet:-1, max-image-preview:large, max-video-preview:-1\" \/>\n<link rel=\"canonical\" href=\"https:\/\/magicfern.si\/en\/privacy-policy\/\" \/>\n<meta property=\"og:locale\" content=\"en_GB\" \/>\n<meta property=\"og:type\" content=\"article\" \/>\n<meta property=\"og:title\" content=\"Varstvo podatkov - \u010carna Praprot\" \/>\n<meta property=\"og:description\" content=\"Na\u0161 spletni naslov je: https:\/\/magicfern.si. Ko obiskovalci pustijo komentarje na spletnem mestu, zberemo podatke, prikazane v obrazcu za komentarje, ter tudi naslov IP obiskovalca in niz uporabni\u0161kega\u00a0 brskalnika za pomo\u010d pri odkrivanju ne\u017eelene po\u0161te. Anonimiziran niz, ustvarjen iz va\u0161ega e-po\u0161tnega naslova (imenovan tudi zgo\u0161\u010dena vrednost), se lahko posreduje storitvi Gravatar, da preveri, ali ga uporabljate. Politika zasebnosti storitve Gravatar je na voljo tukaj: https:\/\/automattic.com\/privacy\/. Po odobritvi va\u0161ega komentarja je va\u0161a profilna slika vidna javnosti v kontekstu va\u0161ega komentarja. \u010ce nalagate slike na spletno mesto, se izogibajte nalaganju slik z vklju\u010denimi vdelanimi podatki o lokaciji (EXIF GPS). Obiskovalci spletnega mesta lahko prenesejo in izvle\u010dejo vse podatke o lokaciji iz slik na spletnem mestu. \u010ce pustite komentar na na\u0161em spletnem mestu, se lahko odlo\u010dite za shranjevanje va\u0161ega imena, e-po\u0161tnega naslova in spletnega mesta v pi\u0161kotkih. To je za va\u0161e udobje, tako da vam ni treba znova vna\u0161ati svojih podatkov, ko pustite nov komentar. Ti pi\u0161kotki bodo trajali eno leto. \u010ce obi\u0161\u010dete na\u0161o prijavno stran, bomo nastavili za\u010dasni pi\u0161kotek, da ugotovimo, ali va\u0161 brskalnik sprejema pi\u0161kotke. Ta pi\u0161kotek ne vsebuje osebnih podatkov in se zavr\u017ee, ko zaprete brskalnik. Ko se prijavite, bomo nastavili tudi ve\u010d pi\u0161kotkov, da shranimo va\u0161e podatke za prijavo in va\u0161e izbire prikaza na zaslonu. Pi\u0161kotki za prijavo trajajo dva dni, pi\u0161kotki z mo\u017enostmi zaslona pa eno leto. \u010ce izberete &#8220;Zapomni si me&#8221;, se bo va\u0161a prijava ohranila dva tedna. \u010ce se odjavite iz svojega ra\u010duna, bodo prijavni pi\u0161kotki odstranjeni. \u010ce uredite ali objavite \u010dlanek, se v va\u0161 brskalnik shrani dodaten pi\u0161kotek. Ta pi\u0161kotek ne vklju\u010duje nobenih osebnih podatkov in samo ozna\u010duje ID objave \u010dlanka, ki ste ga pravkar uredili. Pote\u010de po 1 dnevu. \u010clanki na tem spletnem mestu lahko vklju\u010dujejo vdelano vsebino (npr. videe, slike, \u010dlanke itd.). Vdelana vsebina z drugih spletnih mest se obna\u0161a na povsem enak na\u010din, kot \u010de bi obiskovalec obiskal drugo spletno mesto. Ta spletna mesta lahko zbirajo podatke o vas, uporabljajo pi\u0161kotke, vdelajo dodatno sledenje tretjih oseb in spremljajo va\u0161o interakcijo s to vdelano vsebino, vklju\u010dno s sledenjem va\u0161i interakciji z vdelano vsebino, \u010de imate ra\u010dun in ste prijavljeni na to spletno mesto. \u010ce zahtevate ponastavitev gesla, bo va\u0161 naslov IP vklju\u010den v e-po\u0161tno sporo\u010dilo za ponastavitev. \u010ce pustite komentar, se komentar in njegovi metapodatki hranijo za nedolo\u010den \u010das. To je zato, da lahko samodejno prepoznamo in odobrimo nadaljnje komentarje, namesto da jih zadr\u017eimo v \u010dakalni vrsti za moderiranje. Za uporabnike, ki se registrirajo na na\u0161i spletni strani (\u010de obstajajo), hranimo tudi osebne podatke, ki jih posredujejo v svojem uporabni\u0161kem profilu. Vsi uporabniki lahko kadar koli vidijo, uredijo ali izbri\u0161ejo svoje osebne podatke (le da ne morejo spremeniti uporabni\u0161kega imena). Skrbniki spletnega mesta lahko tudi vidijo in urejajo te podatke. \u010ce imate ra\u010dun na tem spletnem mestu ali ste pustili komentarje, lahko zahtevate prejem izvo\u017eene datoteke osebnih podatkov, ki jih imamo o vas, vklju\u010dno z vsemi podatki, ki ste nam jih posredovali. Prav tako lahko zahtevate, da izbri\u0161emo vse osebne podatke, ki jih imamo o vas. To ne vklju\u010duje nobenih podatkov, ki smo jih dol\u017eni hraniti za administrativne, pravne ali varnostne namene. Komentarje obiskovalcev je mogo\u010de preveriti prek storitve avtomatiziranega zaznavanja ne\u017eelene po\u0161te.\" \/>\n<meta property=\"og:url\" content=\"https:\/\/magicfern.si\/en\/privacy-policy\/\" \/>\n<meta property=\"og:site_name\" content=\"\u010carna Praprot\" \/>\n<meta property=\"article:modified_time\" content=\"2022-08-23T12:41:53+00:00\" \/>\n<meta name=\"twitter:card\" content=\"summary_large_image\" \/>\n<meta name=\"twitter:label1\" content=\"Estimated reading time\" \/>\n\t<meta name=\"twitter:data1\" content=\"3 minutes\" \/>\n<script type=\"application\/ld+json\" class=\"yoast-schema-graph\">{\"@context\":\"https:\\\/\\\/schema.org\",\"@graph\":[{\"@type\":\"WebPage\",\"@id\":\"https:\\\/\\\/magicfern.si\\\/privacy-policy\\\/\",\"url\":\"https:\\\/\\\/magicfern.si\\\/privacy-policy\\\/\",\"name\":\"Varstvo podatkov - \u010carna Praprot\",\"isPartOf\":{\"@id\":\"https:\\\/\\\/magicfern.si\\\/#website\"},\"datePublished\":\"2022-07-18T08:50:38+00:00\",\"dateModified\":\"2022-08-23T12:41:53+00:00\",\"breadcrumb\":{\"@id\":\"https:\\\/\\\/magicfern.si\\\/privacy-policy\\\/#breadcrumb\"},\"inLanguage\":\"en-GB\",\"potentialAction\":[{\"@type\":\"ReadAction\",\"target\":[\"https:\\\/\\\/magicfern.si\\\/privacy-policy\\\/\"]}]},{\"@type\":\"BreadcrumbList\",\"@id\":\"https:\\\/\\\/magicfern.si\\\/privacy-policy\\\/#breadcrumb\",\"itemListElement\":[{\"@type\":\"ListItem\",\"position\":1,\"name\":\"Home\",\"item\":\"https:\\\/\\\/magicfern.si\\\/\"},{\"@type\":\"ListItem\",\"position\":2,\"name\":\"Varstvo podatkov\"}]},{\"@type\":\"WebSite\",\"@id\":\"https:\\\/\\\/magicfern.si\\\/#website\",\"url\":\"https:\\\/\\\/magicfern.si\\\/\",\"name\":\"\u010carna Praprot\",\"description\":\"Magic Fern\",\"publisher\":{\"@id\":\"https:\\\/\\\/magicfern.si\\\/#organization\"},\"potentialAction\":[{\"@type\":\"SearchAction\",\"target\":{\"@type\":\"EntryPoint\",\"urlTemplate\":\"https:\\\/\\\/magicfern.si\\\/?s={search_term_string}\"},\"query-input\":{\"@type\":\"PropertyValueSpecification\",\"valueRequired\":true,\"valueName\":\"search_term_string\"}}],\"inLanguage\":\"en-GB\"},{\"@type\":\"Organization\",\"@id\":\"https:\\\/\\\/magicfern.si\\\/#organization\",\"name\":\"\u010carna Praprot\",\"url\":\"https:\\\/\\\/magicfern.si\\\/\",\"logo\":{\"@type\":\"ImageObject\",\"inLanguage\":\"en-GB\",\"@id\":\"https:\\\/\\\/magicfern.si\\\/#\\\/schema\\\/logo\\\/image\\\/\",\"url\":\"https:\\\/\\\/magicfern.si\\\/wp-content\\\/uploads\\\/2022\\\/08\\\/logo.png\",\"contentUrl\":\"https:\\\/\\\/magicfern.si\\\/wp-content\\\/uploads\\\/2022\\\/08\\\/logo.png\",\"width\":218,\"height\":214,\"caption\":\"\u010carna Praprot\"},\"image\":{\"@id\":\"https:\\\/\\\/magicfern.si\\\/#\\\/schema\\\/logo\\\/image\\\/\"}}]}<\/script>\n<!-- \/ Yoast SEO plugin. -->","yoast_head_json":{"title":"Varstvo podatkov - \u010carna Praprot","robots":{"index":"index","follow":"follow","max-snippet":"max-snippet:-1","max-image-preview":"max-image-preview:large","max-video-preview":"max-video-preview:-1"},"canonical":"https:\/\/magicfern.si\/en\/privacy-policy\/","og_locale":"en_GB","og_type":"article","og_title":"Varstvo podatkov - \u010carna Praprot","og_description":"Na\u0161 spletni naslov je: https:\/\/magicfern.si. Ko obiskovalci pustijo komentarje na spletnem mestu, zberemo podatke, prikazane v obrazcu za komentarje, ter tudi naslov IP obiskovalca in niz uporabni\u0161kega\u00a0 brskalnika za pomo\u010d pri odkrivanju ne\u017eelene po\u0161te. Anonimiziran niz, ustvarjen iz va\u0161ega e-po\u0161tnega naslova (imenovan tudi zgo\u0161\u010dena vrednost), se lahko posreduje storitvi Gravatar, da preveri, ali ga uporabljate. Politika zasebnosti storitve Gravatar je na voljo tukaj: https:\/\/automattic.com\/privacy\/. Po odobritvi va\u0161ega komentarja je va\u0161a profilna slika vidna javnosti v kontekstu va\u0161ega komentarja. \u010ce nalagate slike na spletno mesto, se izogibajte nalaganju slik z vklju\u010denimi vdelanimi podatki o lokaciji (EXIF GPS). Obiskovalci spletnega mesta lahko prenesejo in izvle\u010dejo vse podatke o lokaciji iz slik na spletnem mestu. \u010ce pustite komentar na na\u0161em spletnem mestu, se lahko odlo\u010dite za shranjevanje va\u0161ega imena, e-po\u0161tnega naslova in spletnega mesta v pi\u0161kotkih. To je za va\u0161e udobje, tako da vam ni treba znova vna\u0161ati svojih podatkov, ko pustite nov komentar. Ti pi\u0161kotki bodo trajali eno leto. \u010ce obi\u0161\u010dete na\u0161o prijavno stran, bomo nastavili za\u010dasni pi\u0161kotek, da ugotovimo, ali va\u0161 brskalnik sprejema pi\u0161kotke. Ta pi\u0161kotek ne vsebuje osebnih podatkov in se zavr\u017ee, ko zaprete brskalnik. Ko se prijavite, bomo nastavili tudi ve\u010d pi\u0161kotkov, da shranimo va\u0161e podatke za prijavo in va\u0161e izbire prikaza na zaslonu. Pi\u0161kotki za prijavo trajajo dva dni, pi\u0161kotki z mo\u017enostmi zaslona pa eno leto. \u010ce izberete &#8220;Zapomni si me&#8221;, se bo va\u0161a prijava ohranila dva tedna. \u010ce se odjavite iz svojega ra\u010duna, bodo prijavni pi\u0161kotki odstranjeni. \u010ce uredite ali objavite \u010dlanek, se v va\u0161 brskalnik shrani dodaten pi\u0161kotek. Ta pi\u0161kotek ne vklju\u010duje nobenih osebnih podatkov in samo ozna\u010duje ID objave \u010dlanka, ki ste ga pravkar uredili. Pote\u010de po 1 dnevu. \u010clanki na tem spletnem mestu lahko vklju\u010dujejo vdelano vsebino (npr. videe, slike, \u010dlanke itd.). Vdelana vsebina z drugih spletnih mest se obna\u0161a na povsem enak na\u010din, kot \u010de bi obiskovalec obiskal drugo spletno mesto. Ta spletna mesta lahko zbirajo podatke o vas, uporabljajo pi\u0161kotke, vdelajo dodatno sledenje tretjih oseb in spremljajo va\u0161o interakcijo s to vdelano vsebino, vklju\u010dno s sledenjem va\u0161i interakciji z vdelano vsebino, \u010de imate ra\u010dun in ste prijavljeni na to spletno mesto. \u010ce zahtevate ponastavitev gesla, bo va\u0161 naslov IP vklju\u010den v e-po\u0161tno sporo\u010dilo za ponastavitev. \u010ce pustite komentar, se komentar in njegovi metapodatki hranijo za nedolo\u010den \u010das. To je zato, da lahko samodejno prepoznamo in odobrimo nadaljnje komentarje, namesto da jih zadr\u017eimo v \u010dakalni vrsti za moderiranje. Za uporabnike, ki se registrirajo na na\u0161i spletni strani (\u010de obstajajo), hranimo tudi osebne podatke, ki jih posredujejo v svojem uporabni\u0161kem profilu. Vsi uporabniki lahko kadar koli vidijo, uredijo ali izbri\u0161ejo svoje osebne podatke (le da ne morejo spremeniti uporabni\u0161kega imena). Skrbniki spletnega mesta lahko tudi vidijo in urejajo te podatke. \u010ce imate ra\u010dun na tem spletnem mestu ali ste pustili komentarje, lahko zahtevate prejem izvo\u017eene datoteke osebnih podatkov, ki jih imamo o vas, vklju\u010dno z vsemi podatki, ki ste nam jih posredovali. Prav tako lahko zahtevate, da izbri\u0161emo vse osebne podatke, ki jih imamo o vas. To ne vklju\u010duje nobenih podatkov, ki smo jih dol\u017eni hraniti za administrativne, pravne ali varnostne namene. Komentarje obiskovalcev je mogo\u010de preveriti prek storitve avtomatiziranega zaznavanja ne\u017eelene po\u0161te.","og_url":"https:\/\/magicfern.si\/en\/privacy-policy\/","og_site_name":"\u010carna Praprot","article_modified_time":"2022-08-23T12:41:53+00:00","twitter_card":"summary_large_image","twitter_misc":{"Estimated reading time":"3 minutes"},"schema":{"@context":"https:\/\/schema.org","@graph":[{"@type":"WebPage","@id":"https:\/\/magicfern.si\/privacy-policy\/","url":"https:\/\/magicfern.si\/privacy-policy\/","name":"Varstvo podatkov - \u010carna Praprot","isPartOf":{"@id":"https:\/\/magicfern.si\/#website"},"datePublished":"2022-07-18T08:50:38+00:00","dateModified":"2022-08-23T12:41:53+00:00","breadcrumb":{"@id":"https:\/\/magicfern.si\/privacy-policy\/#breadcrumb"},"inLanguage":"en-GB","potentialAction":[{"@type":"ReadAction","target":["https:\/\/magicfern.si\/privacy-policy\/"]}]},{"@type":"BreadcrumbList","@id":"https:\/\/magicfern.si\/privacy-policy\/#breadcrumb","itemListElement":[{"@type":"ListItem","position":1,"name":"Home","item":"https:\/\/magicfern.si\/"},{"@type":"ListItem","position":2,"name":"Varstvo podatkov"}]},{"@type":"WebSite","@id":"https:\/\/magicfern.si\/#website","url":"https:\/\/magicfern.si\/","name":"Magic Fern","description":"\u010carna Praprot","publisher":{"@id":"https:\/\/magicfern.si\/#organization"},"potentialAction":[{"@type":"SearchAction","target":{"@type":"EntryPoint","urlTemplate":"https:\/\/magicfern.si\/?s={search_term_string}"},"query-input":{"@type":"PropertyValueSpecification","valueRequired":true,"valueName":"search_term_string"}}],"inLanguage":"en-GB"},{"@type":"Organization","@id":"https:\/\/magicfern.si\/#organization","name":"Magic Fern","url":"https:\/\/magicfern.si\/","logo":{"@type":"ImageObject","inLanguage":"en-GB","@id":"https:\/\/magicfern.si\/#\/schema\/logo\/image\/","url":"https:\/\/magicfern.si\/wp-content\/uploads\/2022\/08\/logo.png","contentUrl":"https:\/\/magicfern.si\/wp-content\/uploads\/2022\/08\/logo.png","width":218,"height":214,"caption":"\u010carna Praprot"},"image":{"@id":"https:\/\/magicfern.si\/#\/schema\/logo\/image\/"}}]}},"_links":{"self":[{"href":"https:\/\/magicfern.si\/en\/wp-json\/wp\/v2\/pages\/3","targetHints":{"allow":["GET"]}}],"collection":[{"href":"https:\/\/magicfern.si\/en\/wp-json\/wp\/v2\/pages"}],"about":[{"href":"https:\/\/magicfern.si\/en\/wp-json\/wp\/v2\/types\/page"}],"author":[{"embeddable":true,"href":"https:\/\/magicfern.si\/en\/wp-json\/wp\/v2\/users\/1"}],"replies":[{"embeddable":true,"href":"https:\/\/magicfern.si\/en\/wp-json\/wp\/v2\/comments?post=3"}],"version-history":[{"count":5,"href":"https:\/\/magicfern.si\/en\/wp-json\/wp\/v2\/pages\/3\/revisions"}],"predecessor-version":[{"id":474,"href":"https:\/\/magicfern.si\/en\/wp-json\/wp\/v2\/pages\/3\/revisions\/474"}],"wp:attachment":[{"href":"https:\/\/magicfern.si\/en\/wp-json\/wp\/v2\/media?parent=3"}],"curies":[{"name":"wp","href":"https:\/\/api.w.org\/{rel}","templated":true}]}}