{"id":210,"date":"2022-08-04T09:54:50","date_gmt":"2022-08-04T09:54:50","guid":{"rendered":"https:\/\/magicfern.si\/?page_id=210"},"modified":"2022-08-04T09:58:03","modified_gmt":"2022-08-04T09:58:03","slug":"cudezno-potovanje-duse","status":"publish","type":"page","link":"https:\/\/magicfern.si\/en\/cudezno-potovanje-duse\/","title":{"rendered":"\u010cude\u017eno potovanje du\u0161e"},"content":{"rendered":"<p>Ob podpori kristalne posode in hipnoti\u010dnega zvena bobna se podajmo na potovanje na jadrih na\u0161e zavesti. Svojo prisotnost in pozornost ponesimo v globine na\u0161ega obstoja, ki ga zaznamo onkraj vsakodnevnih petih \u010dutil. Na\u0161a zavest je prostrana, medtem, ko je na\u0161e zavedanje omejeno. Potujemo v sanjah. Tam lahko sre\u010damo bitja iz onostranstva, \u017eivalskega kraljestva ali iz na\u0161e ulice. Mo\u017enosti so neomejene. Lahko letimo, lahko ple\u0161emo, pojemo? So sanje resni\u010dnost? V danem trenutku sanjanja so. Ko se zbudimo polni vtisov prav tako. Ko sanjamo, plavamo po globinah in povr\u0161ini na\u0161e podzavesti. Podobe nam lahko veliko poveso o skritih strahovih, upanjih, hrepenenju. \u010ce jih le znamo razumeti in si jih razlo\u017eiti. Ob tem je bistveno vpra\u0161anje, kje se kon\u010dam jaz in za\u010dne nekdo drug?<\/p>\n\n\n\n<p>Quantum physics unveils a truth\u2014everything is consciousness, rippling through the fabric of existence as waves. My body, a product of the Earth, comprises cells harmoniously synchronized to sustain life across the globe. Whose consciousness unites these myriad beings? Earth herself emerges as a complex organism, enveloped within her biosphere and noosphere\u2014a sphere of consciousness, of intelligence. And within this vast tapestry, my consciousness finds its place\u2014a fragment of the collective consciousness that binds us all. But Earth, she is not alone in the universe. She too is but a thread in the tapestry of a broader consciousness\u2014a tapestry in which I am but a humble stitch.<\/p>\n\n\n\n<p>\u010carobno potovanje nam omogo\u010da, da peljemo svoje zavedanje po razli\u010dnih prostorih skupne vseobsegajo\u010de zavesti, ki si jo delim z mnogimi, prav tako zavedujo\u010dimi se bitji. Potovanje nas lahko ponese na razli\u010dne konce in kraje. V njih zbiramo in shranjujemo sporo\u010dila namenjena na\u0161i du\u0161i. Sferi zavesti, ki hrani nape individualne spomine in izkustva, ki bogatijo celoto. Pri tem pogosto dobimo sporo\u010dila, se soo\u010damo s podobami, ki presegajo na\u0161o individualnost. Lahko se vezane na \u010dlove\u0161tvo, lahko na planet pa tudi \u0161ir\u0161e \u2013 vse do prostranih zvezdnih planjav .<\/p>\n\n\n\n<p>But are the visions we behold mere figments of imagination? Imagination, fueled by our experiences and emotions, is a creative force that shapes our perceptions and realities. These images, whether rooted in truth or fiction, become part of the tapestry of our memories, offering insights into ourselves and our role in the grand design of creation.<br>The magical journey of the soul is a voyage of self-discovery, an exploration of our purpose and place in this life. It is a path of healing, both for ourselves and others, fostering connections and expanding the horizons of our consciousness. Like an artist painting the canvas of life, we actively shape our destiny through the creative power of our awareness.<\/p>\n\n\n\n<p>Amidst the myriad possibilities that life presents, we are tasked with choosing our path\u2014a choice often clouded by habit, inertia, and past pain. Yet, by illuminating the darkness with the light of trust and faith, we gain clarity and confidence in our decisions.<\/p>\n\n\n\n<p>Let us trust in ourselves and in the support of those around us, creating a sanctuary filled with love and understanding, where the worries of everyday life fade into the background, allowing the magic of the journey to unfold.<\/p>\n\n\n\n<p>Potovanja potekajo v \u010darobnih koti\u010dkih narave, ob mrzlih dneh pa tudi v notranjih prostorih, ki ga o\u017eivlja ogenj v ognji\u0161\u010du kluba Orfej. Namenjena so manj\u0161im skupinam po dogovoru.<\/p>","protected":false},"excerpt":{"rendered":"<p>Ob podpori kristalne posode in hipnoti\u010dnega zvena bobna se podajmo na potovanje na jadrih na\u0161e zavesti. Svojo prisotnost in pozornost ponesimo v globine na\u0161ega obstoja, ki ga zaznamo onkraj vsakodnevnih petih \u010dutil. Na\u0161a zavest je prostrana, medtem, ko je na\u0161e zavedanje omejeno. Potujemo v sanjah. Tam lahko sre\u010damo bitja iz onostranstva, \u017eivalskega kraljestva ali iz na\u0161e ulice. Mo\u017enosti so neomejene. Lahko letimo, lahko ple\u0161emo, pojemo? So sanje resni\u010dnost? V danem trenutku sanjanja so. Ko se zbudimo polni vtisov prav tako. Ko sanjamo, plavamo po globinah in povr\u0161ini na\u0161e podzavesti. Podobe nam lahko veliko poveso o skritih strahovih, upanjih, hrepenenju. \u010ce jih le znamo razumeti in si jih razlo\u017eiti. Ob tem je bistveno vpra\u0161anje, kje se kon\u010dam jaz in za\u010dne nekdo drug? Kvantna fizika dokazuje, da je vse zavest, ki se odra\u017ea v valovanju. Moje telo je plod Zemlje. Sestavljeno je iz celic, ki podobno delujejo in omogo\u010dajo obstoj \u017eivih bitij po vsem svetu. \u010cigava zavest povezuje vsa ta drobna bitja? Zemlja je kompleksen organizem s svojo biosfero in tudi noosfero \u2013 zavestjo, inteligenco. Moja zavest je del te skupne zavesti. Zemlja pa ni osamljen planet v vesolju. Tudi sama je del \u0161ir\u0161e zavesti in jaz skupaj z njo. \u010carobno potovanje nam omogo\u010da, da peljemo svoje zavedanje po razli\u010dnih prostorih skupne vseobsegajo\u010de zavesti, ki si jo delim z mnogimi, prav tako zavedujo\u010dimi se bitji. Potovanje nas lahko ponese na razli\u010dne konce in kraje. V njih zbiramo in shranjujemo sporo\u010dila namenjena na\u0161i du\u0161i. Sferi zavesti, ki hrani nape individualne spomine in izkustva, ki bogatijo celoto. Pri tem pogosto dobimo sporo\u010dila, se soo\u010damo s podobami, ki presegajo na\u0161o individualnost. Lahko se vezane na \u010dlove\u0161tvo, lahko na planet pa tudi \u0161ir\u0161e \u2013 vse do prostranih zvezdnih planjav . So podobe, ki jih vidim izmi\u0161ljene, so plod moje domi\u0161ljije? Domi\u0161ljija je kreativen proces zavedanja, ustvarjanja, razumevanja, ki vre iz mojih izkustev in \u010dustev. So ta izmi\u0161ljena? \u010cudimo se podobam, shranimo jih v skrinjo napih spominov, ki so dostopni na\u0161emu zavedanju. Z njimi spoznavamo sebe in svojo vlogo v stvarstvu. S tem pa tudi stvarstvo samo, saj smo fraktal celote in s tem informacija o njej.\u010carobno potovanje du\u0161e je spoznavanje in odkrivanje sebe. Je razumevanje na\u0161e vloge in namena v tem \u017eivljenju. Omogo\u010da zdravljenje in celjenje \u2013 nas in drugih. Je povezovanje in raziskovanje. Je kreativen proces na\u0161ega zavedanja s katerim \u0161irimo vidno polje na\u0161e zavesti in aktivno ri\u0161emo in slikamo podobe na\u0161e \u017eivljenjske poti. Vse je \u017ee dano kot mo\u017enost. Sami izbiramo med njimi. Kot obleke v temni omari brez konca. \u010ce v temo posvetimo, vemo kaj izbrati. V nasprotnem primeru sledimo navadi, inerciji, dotiku dlani med tkanino, ki smo jo vajeni. Slednja pogosto izhaja iz bole\u010din. \u010cude\u017eno potovanje zahteva zaupanje in zahteva vero. Ne moremo \u010darati, \u010de ne verjamemo v \u010darobno pal\u010dko. Zaupajmo. Sebi in drugim ob nas. Vzpostavimo varen prostor, poln ljubezni in razumevanja. Odlo\u017eimo vremena vsakdanjih skrbi. Potovanja potekajo v \u010darobnih koti\u010dkih narave, ob mrzlih dneh pa tudi v notranjih prostorih, ki ga o\u017eivlja ogenj v ognji\u0161\u010du kluba Orfej. Namenjena so manj\u0161im skupinam po dogovoru.<\/p>","protected":false},"author":1,"featured_media":33,"parent":0,"menu_order":0,"comment_status":"closed","ping_status":"closed","template":"","meta":{"footnotes":""},"class_list":["post-210","page","type-page","status-publish","has-post-thumbnail","hentry"],"yoast_head":"<!-- This site is optimized with the Yoast SEO plugin v27.4 - https:\/\/yoast.com\/product\/yoast-seo-wordpress\/ -->\n<title>\u010cude\u017eno potovanje du\u0161e - \u010carna Praprot<\/title>\n<meta name=\"robots\" content=\"index, follow, max-snippet:-1, max-image-preview:large, max-video-preview:-1\" \/>\n<link rel=\"canonical\" href=\"https:\/\/magicfern.si\/en\/cudezno-potovanje-duse\/\" \/>\n<meta property=\"og:locale\" content=\"en_GB\" \/>\n<meta property=\"og:type\" content=\"article\" \/>\n<meta property=\"og:title\" content=\"\u010cude\u017eno potovanje du\u0161e - \u010carna Praprot\" \/>\n<meta property=\"og:description\" content=\"Ob podpori kristalne posode in hipnoti\u010dnega zvena bobna se podajmo na potovanje na jadrih na\u0161e zavesti. Svojo prisotnost in pozornost ponesimo v globine na\u0161ega obstoja, ki ga zaznamo onkraj vsakodnevnih petih \u010dutil. Na\u0161a zavest je prostrana, medtem, ko je na\u0161e zavedanje omejeno. Potujemo v sanjah. Tam lahko sre\u010damo bitja iz onostranstva, \u017eivalskega kraljestva ali iz na\u0161e ulice. Mo\u017enosti so neomejene. Lahko letimo, lahko ple\u0161emo, pojemo? So sanje resni\u010dnost? V danem trenutku sanjanja so. Ko se zbudimo polni vtisov prav tako. Ko sanjamo, plavamo po globinah in povr\u0161ini na\u0161e podzavesti. Podobe nam lahko veliko poveso o skritih strahovih, upanjih, hrepenenju. \u010ce jih le znamo razumeti in si jih razlo\u017eiti. Ob tem je bistveno vpra\u0161anje, kje se kon\u010dam jaz in za\u010dne nekdo drug? Kvantna fizika dokazuje, da je vse zavest, ki se odra\u017ea v valovanju. Moje telo je plod Zemlje. Sestavljeno je iz celic, ki podobno delujejo in omogo\u010dajo obstoj \u017eivih bitij po vsem svetu. \u010cigava zavest povezuje vsa ta drobna bitja? Zemlja je kompleksen organizem s svojo biosfero in tudi noosfero \u2013 zavestjo, inteligenco. Moja zavest je del te skupne zavesti. Zemlja pa ni osamljen planet v vesolju. Tudi sama je del \u0161ir\u0161e zavesti in jaz skupaj z njo. \u010carobno potovanje nam omogo\u010da, da peljemo svoje zavedanje po razli\u010dnih prostorih skupne vseobsegajo\u010de zavesti, ki si jo delim z mnogimi, prav tako zavedujo\u010dimi se bitji. Potovanje nas lahko ponese na razli\u010dne konce in kraje. V njih zbiramo in shranjujemo sporo\u010dila namenjena na\u0161i du\u0161i. Sferi zavesti, ki hrani nape individualne spomine in izkustva, ki bogatijo celoto. Pri tem pogosto dobimo sporo\u010dila, se soo\u010damo s podobami, ki presegajo na\u0161o individualnost. Lahko se vezane na \u010dlove\u0161tvo, lahko na planet pa tudi \u0161ir\u0161e \u2013 vse do prostranih zvezdnih planjav . So podobe, ki jih vidim izmi\u0161ljene, so plod moje domi\u0161ljije? Domi\u0161ljija je kreativen proces zavedanja, ustvarjanja, razumevanja, ki vre iz mojih izkustev in \u010dustev. So ta izmi\u0161ljena? \u010cudimo se podobam, shranimo jih v skrinjo napih spominov, ki so dostopni na\u0161emu zavedanju. Z njimi spoznavamo sebe in svojo vlogo v stvarstvu. S tem pa tudi stvarstvo samo, saj smo fraktal celote in s tem informacija o njej.\u010carobno potovanje du\u0161e je spoznavanje in odkrivanje sebe. Je razumevanje na\u0161e vloge in namena v tem \u017eivljenju. Omogo\u010da zdravljenje in celjenje \u2013 nas in drugih. Je povezovanje in raziskovanje. Je kreativen proces na\u0161ega zavedanja s katerim \u0161irimo vidno polje na\u0161e zavesti in aktivno ri\u0161emo in slikamo podobe na\u0161e \u017eivljenjske poti. Vse je \u017ee dano kot mo\u017enost. Sami izbiramo med njimi. Kot obleke v temni omari brez konca. \u010ce v temo posvetimo, vemo kaj izbrati. V nasprotnem primeru sledimo navadi, inerciji, dotiku dlani med tkanino, ki smo jo vajeni. Slednja pogosto izhaja iz bole\u010din. \u010cude\u017eno potovanje zahteva zaupanje in zahteva vero. Ne moremo \u010darati, \u010de ne verjamemo v \u010darobno pal\u010dko. Zaupajmo. Sebi in drugim ob nas. Vzpostavimo varen prostor, poln ljubezni in razumevanja. Odlo\u017eimo vremena vsakdanjih skrbi. Potovanja potekajo v \u010darobnih koti\u010dkih narave, ob mrzlih dneh pa tudi v notranjih prostorih, ki ga o\u017eivlja ogenj v ognji\u0161\u010du kluba Orfej. Namenjena so manj\u0161im skupinam po dogovoru.\" \/>\n<meta property=\"og:url\" content=\"https:\/\/magicfern.si\/en\/cudezno-potovanje-duse\/\" \/>\n<meta property=\"og:site_name\" content=\"\u010carna Praprot\" \/>\n<meta property=\"article:modified_time\" content=\"2022-08-04T09:58:03+00:00\" \/>\n<meta property=\"og:image\" content=\"https:\/\/magicfern.si\/wp-content\/uploads\/2022\/07\/DSC_0242-scaled.jpeg\" \/>\n\t<meta property=\"og:image:width\" content=\"2560\" \/>\n\t<meta property=\"og:image:height\" content=\"1707\" \/>\n\t<meta property=\"og:image:type\" content=\"image\/jpeg\" \/>\n<meta name=\"twitter:card\" content=\"summary_large_image\" \/>\n<meta name=\"twitter:label1\" content=\"Estimated reading time\" \/>\n\t<meta name=\"twitter:data1\" content=\"3 minutes\" \/>\n<script type=\"application\/ld+json\" class=\"yoast-schema-graph\">{\"@context\":\"https:\\\/\\\/schema.org\",\"@graph\":[{\"@type\":\"WebPage\",\"@id\":\"https:\\\/\\\/magicfern.si\\\/cudezno-potovanje-duse\\\/\",\"url\":\"https:\\\/\\\/magicfern.si\\\/cudezno-potovanje-duse\\\/\",\"name\":\"\u010cude\u017eno potovanje du\u0161e - \u010carna Praprot\",\"isPartOf\":{\"@id\":\"https:\\\/\\\/magicfern.si\\\/#website\"},\"primaryImageOfPage\":{\"@id\":\"https:\\\/\\\/magicfern.si\\\/cudezno-potovanje-duse\\\/#primaryimage\"},\"image\":{\"@id\":\"https:\\\/\\\/magicfern.si\\\/cudezno-potovanje-duse\\\/#primaryimage\"},\"thumbnailUrl\":\"https:\\\/\\\/magicfern.si\\\/wp-content\\\/uploads\\\/2022\\\/07\\\/DSC_0242-scaled.jpeg\",\"datePublished\":\"2022-08-04T09:54:50+00:00\",\"dateModified\":\"2022-08-04T09:58:03+00:00\",\"breadcrumb\":{\"@id\":\"https:\\\/\\\/magicfern.si\\\/cudezno-potovanje-duse\\\/#breadcrumb\"},\"inLanguage\":\"en-GB\",\"potentialAction\":[{\"@type\":\"ReadAction\",\"target\":[\"https:\\\/\\\/magicfern.si\\\/cudezno-potovanje-duse\\\/\"]}]},{\"@type\":\"ImageObject\",\"inLanguage\":\"en-GB\",\"@id\":\"https:\\\/\\\/magicfern.si\\\/cudezno-potovanje-duse\\\/#primaryimage\",\"url\":\"https:\\\/\\\/magicfern.si\\\/wp-content\\\/uploads\\\/2022\\\/07\\\/DSC_0242-scaled.jpeg\",\"contentUrl\":\"https:\\\/\\\/magicfern.si\\\/wp-content\\\/uploads\\\/2022\\\/07\\\/DSC_0242-scaled.jpeg\",\"width\":2560,\"height\":1707},{\"@type\":\"BreadcrumbList\",\"@id\":\"https:\\\/\\\/magicfern.si\\\/cudezno-potovanje-duse\\\/#breadcrumb\",\"itemListElement\":[{\"@type\":\"ListItem\",\"position\":1,\"name\":\"Home\",\"item\":\"https:\\\/\\\/magicfern.si\\\/\"},{\"@type\":\"ListItem\",\"position\":2,\"name\":\"\u010cude\u017eno potovanje du\u0161e\"}]},{\"@type\":\"WebSite\",\"@id\":\"https:\\\/\\\/magicfern.si\\\/#website\",\"url\":\"https:\\\/\\\/magicfern.si\\\/\",\"name\":\"\u010carna Praprot\",\"description\":\"Magic Fern\",\"publisher\":{\"@id\":\"https:\\\/\\\/magicfern.si\\\/#organization\"},\"potentialAction\":[{\"@type\":\"SearchAction\",\"target\":{\"@type\":\"EntryPoint\",\"urlTemplate\":\"https:\\\/\\\/magicfern.si\\\/?s={search_term_string}\"},\"query-input\":{\"@type\":\"PropertyValueSpecification\",\"valueRequired\":true,\"valueName\":\"search_term_string\"}}],\"inLanguage\":\"en-GB\"},{\"@type\":\"Organization\",\"@id\":\"https:\\\/\\\/magicfern.si\\\/#organization\",\"name\":\"\u010carna Praprot\",\"url\":\"https:\\\/\\\/magicfern.si\\\/\",\"logo\":{\"@type\":\"ImageObject\",\"inLanguage\":\"en-GB\",\"@id\":\"https:\\\/\\\/magicfern.si\\\/#\\\/schema\\\/logo\\\/image\\\/\",\"url\":\"https:\\\/\\\/magicfern.si\\\/wp-content\\\/uploads\\\/2022\\\/08\\\/logo.png\",\"contentUrl\":\"https:\\\/\\\/magicfern.si\\\/wp-content\\\/uploads\\\/2022\\\/08\\\/logo.png\",\"width\":218,\"height\":214,\"caption\":\"\u010carna Praprot\"},\"image\":{\"@id\":\"https:\\\/\\\/magicfern.si\\\/#\\\/schema\\\/logo\\\/image\\\/\"}}]}<\/script>\n<!-- \/ Yoast SEO plugin. -->","yoast_head_json":{"title":"\u010cude\u017eno potovanje du\u0161e - \u010carna Praprot","robots":{"index":"index","follow":"follow","max-snippet":"max-snippet:-1","max-image-preview":"max-image-preview:large","max-video-preview":"max-video-preview:-1"},"canonical":"https:\/\/magicfern.si\/en\/cudezno-potovanje-duse\/","og_locale":"en_GB","og_type":"article","og_title":"\u010cude\u017eno potovanje du\u0161e - \u010carna Praprot","og_description":"Ob podpori kristalne posode in hipnoti\u010dnega zvena bobna se podajmo na potovanje na jadrih na\u0161e zavesti. Svojo prisotnost in pozornost ponesimo v globine na\u0161ega obstoja, ki ga zaznamo onkraj vsakodnevnih petih \u010dutil. Na\u0161a zavest je prostrana, medtem, ko je na\u0161e zavedanje omejeno. Potujemo v sanjah. Tam lahko sre\u010damo bitja iz onostranstva, \u017eivalskega kraljestva ali iz na\u0161e ulice. Mo\u017enosti so neomejene. Lahko letimo, lahko ple\u0161emo, pojemo? So sanje resni\u010dnost? V danem trenutku sanjanja so. Ko se zbudimo polni vtisov prav tako. Ko sanjamo, plavamo po globinah in povr\u0161ini na\u0161e podzavesti. Podobe nam lahko veliko poveso o skritih strahovih, upanjih, hrepenenju. \u010ce jih le znamo razumeti in si jih razlo\u017eiti. Ob tem je bistveno vpra\u0161anje, kje se kon\u010dam jaz in za\u010dne nekdo drug? Kvantna fizika dokazuje, da je vse zavest, ki se odra\u017ea v valovanju. Moje telo je plod Zemlje. Sestavljeno je iz celic, ki podobno delujejo in omogo\u010dajo obstoj \u017eivih bitij po vsem svetu. \u010cigava zavest povezuje vsa ta drobna bitja? Zemlja je kompleksen organizem s svojo biosfero in tudi noosfero \u2013 zavestjo, inteligenco. Moja zavest je del te skupne zavesti. Zemlja pa ni osamljen planet v vesolju. Tudi sama je del \u0161ir\u0161e zavesti in jaz skupaj z njo. \u010carobno potovanje nam omogo\u010da, da peljemo svoje zavedanje po razli\u010dnih prostorih skupne vseobsegajo\u010de zavesti, ki si jo delim z mnogimi, prav tako zavedujo\u010dimi se bitji. Potovanje nas lahko ponese na razli\u010dne konce in kraje. V njih zbiramo in shranjujemo sporo\u010dila namenjena na\u0161i du\u0161i. Sferi zavesti, ki hrani nape individualne spomine in izkustva, ki bogatijo celoto. Pri tem pogosto dobimo sporo\u010dila, se soo\u010damo s podobami, ki presegajo na\u0161o individualnost. Lahko se vezane na \u010dlove\u0161tvo, lahko na planet pa tudi \u0161ir\u0161e \u2013 vse do prostranih zvezdnih planjav . So podobe, ki jih vidim izmi\u0161ljene, so plod moje domi\u0161ljije? Domi\u0161ljija je kreativen proces zavedanja, ustvarjanja, razumevanja, ki vre iz mojih izkustev in \u010dustev. So ta izmi\u0161ljena? \u010cudimo se podobam, shranimo jih v skrinjo napih spominov, ki so dostopni na\u0161emu zavedanju. Z njimi spoznavamo sebe in svojo vlogo v stvarstvu. S tem pa tudi stvarstvo samo, saj smo fraktal celote in s tem informacija o njej.\u010carobno potovanje du\u0161e je spoznavanje in odkrivanje sebe. Je razumevanje na\u0161e vloge in namena v tem \u017eivljenju. Omogo\u010da zdravljenje in celjenje \u2013 nas in drugih. Je povezovanje in raziskovanje. Je kreativen proces na\u0161ega zavedanja s katerim \u0161irimo vidno polje na\u0161e zavesti in aktivno ri\u0161emo in slikamo podobe na\u0161e \u017eivljenjske poti. Vse je \u017ee dano kot mo\u017enost. Sami izbiramo med njimi. Kot obleke v temni omari brez konca. \u010ce v temo posvetimo, vemo kaj izbrati. V nasprotnem primeru sledimo navadi, inerciji, dotiku dlani med tkanino, ki smo jo vajeni. Slednja pogosto izhaja iz bole\u010din. \u010cude\u017eno potovanje zahteva zaupanje in zahteva vero. Ne moremo \u010darati, \u010de ne verjamemo v \u010darobno pal\u010dko. Zaupajmo. Sebi in drugim ob nas. Vzpostavimo varen prostor, poln ljubezni in razumevanja. Odlo\u017eimo vremena vsakdanjih skrbi. Potovanja potekajo v \u010darobnih koti\u010dkih narave, ob mrzlih dneh pa tudi v notranjih prostorih, ki ga o\u017eivlja ogenj v ognji\u0161\u010du kluba Orfej. Namenjena so manj\u0161im skupinam po dogovoru.","og_url":"https:\/\/magicfern.si\/en\/cudezno-potovanje-duse\/","og_site_name":"\u010carna Praprot","article_modified_time":"2022-08-04T09:58:03+00:00","og_image":[{"width":2560,"height":1707,"url":"https:\/\/magicfern.si\/wp-content\/uploads\/2022\/07\/DSC_0242-scaled.jpeg","type":"image\/jpeg"}],"twitter_card":"summary_large_image","twitter_misc":{"Estimated reading time":"3 minutes"},"schema":{"@context":"https:\/\/schema.org","@graph":[{"@type":"WebPage","@id":"https:\/\/magicfern.si\/cudezno-potovanje-duse\/","url":"https:\/\/magicfern.si\/cudezno-potovanje-duse\/","name":"\u010cude\u017eno potovanje du\u0161e - \u010carna Praprot","isPartOf":{"@id":"https:\/\/magicfern.si\/#website"},"primaryImageOfPage":{"@id":"https:\/\/magicfern.si\/cudezno-potovanje-duse\/#primaryimage"},"image":{"@id":"https:\/\/magicfern.si\/cudezno-potovanje-duse\/#primaryimage"},"thumbnailUrl":"https:\/\/magicfern.si\/wp-content\/uploads\/2022\/07\/DSC_0242-scaled.jpeg","datePublished":"2022-08-04T09:54:50+00:00","dateModified":"2022-08-04T09:58:03+00:00","breadcrumb":{"@id":"https:\/\/magicfern.si\/cudezno-potovanje-duse\/#breadcrumb"},"inLanguage":"en-GB","potentialAction":[{"@type":"ReadAction","target":["https:\/\/magicfern.si\/cudezno-potovanje-duse\/"]}]},{"@type":"ImageObject","inLanguage":"en-GB","@id":"https:\/\/magicfern.si\/cudezno-potovanje-duse\/#primaryimage","url":"https:\/\/magicfern.si\/wp-content\/uploads\/2022\/07\/DSC_0242-scaled.jpeg","contentUrl":"https:\/\/magicfern.si\/wp-content\/uploads\/2022\/07\/DSC_0242-scaled.jpeg","width":2560,"height":1707},{"@type":"BreadcrumbList","@id":"https:\/\/magicfern.si\/cudezno-potovanje-duse\/#breadcrumb","itemListElement":[{"@type":"ListItem","position":1,"name":"Home","item":"https:\/\/magicfern.si\/"},{"@type":"ListItem","position":2,"name":"\u010cude\u017eno potovanje du\u0161e"}]},{"@type":"WebSite","@id":"https:\/\/magicfern.si\/#website","url":"https:\/\/magicfern.si\/","name":"Magic Fern","description":"\u010carna Praprot","publisher":{"@id":"https:\/\/magicfern.si\/#organization"},"potentialAction":[{"@type":"SearchAction","target":{"@type":"EntryPoint","urlTemplate":"https:\/\/magicfern.si\/?s={search_term_string}"},"query-input":{"@type":"PropertyValueSpecification","valueRequired":true,"valueName":"search_term_string"}}],"inLanguage":"en-GB"},{"@type":"Organization","@id":"https:\/\/magicfern.si\/#organization","name":"Magic Fern","url":"https:\/\/magicfern.si\/","logo":{"@type":"ImageObject","inLanguage":"en-GB","@id":"https:\/\/magicfern.si\/#\/schema\/logo\/image\/","url":"https:\/\/magicfern.si\/wp-content\/uploads\/2022\/08\/logo.png","contentUrl":"https:\/\/magicfern.si\/wp-content\/uploads\/2022\/08\/logo.png","width":218,"height":214,"caption":"\u010carna Praprot"},"image":{"@id":"https:\/\/magicfern.si\/#\/schema\/logo\/image\/"}}]}},"_links":{"self":[{"href":"https:\/\/magicfern.si\/en\/wp-json\/wp\/v2\/pages\/210","targetHints":{"allow":["GET"]}}],"collection":[{"href":"https:\/\/magicfern.si\/en\/wp-json\/wp\/v2\/pages"}],"about":[{"href":"https:\/\/magicfern.si\/en\/wp-json\/wp\/v2\/types\/page"}],"author":[{"embeddable":true,"href":"https:\/\/magicfern.si\/en\/wp-json\/wp\/v2\/users\/1"}],"replies":[{"embeddable":true,"href":"https:\/\/magicfern.si\/en\/wp-json\/wp\/v2\/comments?post=210"}],"version-history":[{"count":4,"href":"https:\/\/magicfern.si\/en\/wp-json\/wp\/v2\/pages\/210\/revisions"}],"predecessor-version":[{"id":219,"href":"https:\/\/magicfern.si\/en\/wp-json\/wp\/v2\/pages\/210\/revisions\/219"}],"wp:featuredmedia":[{"embeddable":true,"href":"https:\/\/magicfern.si\/en\/wp-json\/wp\/v2\/media\/33"}],"wp:attachment":[{"href":"https:\/\/magicfern.si\/en\/wp-json\/wp\/v2\/media?parent=210"}],"curies":[{"name":"wp","href":"https:\/\/api.w.org\/{rel}","templated":true}]}}